{"id":6754,"date":"2022-03-15T10:38:17","date_gmt":"2022-03-15T10:38:17","guid":{"rendered":"https:\/\/wp.themedemo.org\/WCM07\/WCM070159\/WP1\/?page_id=6754"},"modified":"2025-07-10T06:43:41","modified_gmt":"2025-07-10T06:43:41","slug":"home","status":"publish","type":"page","link":"https:\/\/www.spuntologie.cz\/","title":{"rendered":"Home"},"content":{"rendered":"\n\t\t\t\t<p class=\"rs-p-wp-fix\"><\/p>\n\t\t\t\t<sr7-module data-alias=\"artruls_slider\" data-id=\"1\" id=\"SR7_1_1\" class=\"rs-ov-hidden\" data-version=\"6.7.29\">\n\t\t\t\t\t<sr7-adjuster><\/sr7-adjuster>\n\t\t\t\t\t<sr7-content>\n\t\t\t\t\t\t<sr7-slide id=\"SR7_1_1-1\" data-key=\"1\">\n\t\t\t\t\t\t\t<sr7-bg id=\"SR7_1_1-1-3\" class=\"sr7-layer\"><noscript><img decoding=\"async\" src=\"https:\/\/www.spuntologie.cz\/wp-content\/uploads\/2025\/05\/cork-738603-scaled.jpg\" alt=\"\" title=\"cork-738603\"><\/noscript><\/sr7-bg>\n\t\t\t\t\t\t\t<sr7-txt id=\"SR7_1_1-1-0\" class=\"sr7-layer\">\u0160puntologie<br \/>\n<\/sr7-txt>\n\t\t\t\t\t\t\t<sr7-txt id=\"SR7_1_1-1-2\" class=\"sr7-layer\">Od korkov\u00e9ho dubu a\u017e po v\u00fdvrtku <br \/>\nsv\u011bt korku na jednom m\u00edst\u011b<br \/>\n<\/sr7-txt>\n\t\t\t\t\t\t<\/sr7-slide>\n\t\t\t\t\t\t<sr7-slide id=\"SR7_1_1-2\" data-key=\"2\">\n\t\t\t\t\t\t\t<sr7-bg id=\"SR7_1_1-2-3\" class=\"sr7-layer\"><noscript><img decoding=\"async\" src=\"https:\/\/www.spuntologie.cz\/wp-content\/uploads\/2025\/05\/tree-4355574-scaled.jpg\" alt=\"\" title=\"tree-4355574\"><\/noscript><\/sr7-bg>\n\t\t\t\t\t\t\t<sr7-txt id=\"SR7_1_1-2-0\" class=\"sr7-layer\">Korkov\u00fd dub<\/sr7-txt>\n\t\t\t\t\t\t\t<sr7-txt id=\"SR7_1_1-2-2\" class=\"sr7-layer\">Strom, kter\u00fd d\u00e1v\u00e1 v\u00edc ne\u017e jen st\u00edn<br \/>\n<\/sr7-txt>\n\t\t\t\t\t\t<\/sr7-slide>\n\t\t\t\t\t\t<sr7-slide id=\"SR7_1_1-25\" data-key=\"25\">\n\t\t\t\t\t\t\t<sr7-bg id=\"SR7_1_1-25-4\" class=\"sr7-layer\"><noscript><img decoding=\"async\" src=\"https:\/\/www.spuntologie.cz\/wp-content\/uploads\/2025\/05\/FYCB-jKWQAIWR8H.jpg\" alt=\"\" title=\"FYCB-jKWQAIWR8H\"><\/noscript><\/sr7-bg>\n\t\t\t\t\t\t\t<sr7-txt id=\"SR7_1_1-25-1\" class=\"sr7-layer\">O \u0161puntech<br \/>\n<\/sr7-txt>\n\t\t\t\t\t\t\t<sr7-txt id=\"SR7_1_1-25-3\" class=\"sr7-layer\">Mal\u00ed hrdinov\u00e9 ve slu\u017eb\u00e1ch v\u00edna<br \/>\n<\/sr7-txt>\n\t\t\t\t\t\t<\/sr7-slide>\n\t\t\t\t\t\t<sr7-slide id=\"SR7_1_1-26\" data-key=\"26\">\n\t\t\t\t\t\t\t<sr7-bg id=\"SR7_1_1-26-6\" class=\"sr7-layer\"><noscript><img decoding=\"async\" src=\"https:\/\/www.spuntologie.cz\/wp-content\/uploads\/2025\/05\/vyvrtka1.png\" alt=\"\" title=\"vyvrtka1\"><\/noscript><\/sr7-bg>\n\t\t\t\t\t\t\t<sr7-txt id=\"SR7_1_1-26-4\" class=\"sr7-layer\">O v\u00fdvrtk\u00e1ch<br \/>\n<\/sr7-txt>\n\t\t\t\t\t\t\t<sr7-txt id=\"SR7_1_1-26-5\" class=\"sr7-layer\">Bez v\u00fdvrtky je i nejlep\u0161\u00ed v\u00edno jen t\u011b\u017eko dostupn\u00fd sen.<br \/>\n<\/sr7-txt>\n\t\t\t\t\t\t<\/sr7-slide>\n\t\t\t\t\t\t<sr7-slide id=\"SR7_1_1-27\" data-key=\"27\">\n\t\t\t\t\t\t\t<sr7-bg id=\"SR7_1_1-27-8\" class=\"sr7-layer\"><noscript><img decoding=\"async\" src=\"https:\/\/www.spuntologie.cz\/wp-content\/uploads\/2025\/05\/wine-bottles-93239-scaled.jpg\" alt=\"\" title=\"wine-bottles-93239\"><\/noscript><\/sr7-bg>\n\t\t\t\t\t\t\t<sr7-txt id=\"SR7_1_1-27-6\" class=\"sr7-layer\">O l\u00e1hv\u00edch<\/sr7-txt>\n\t\t\t\t\t\t\t<sr7-txt id=\"SR7_1_1-27-7\" class=\"sr7-layer\">L\u00e1hev \u2013 za\u010d\u00e1tek ka\u017ed\u00e9ho dobr\u00e9ho p\u0159\u00edb\u011bhu s korkem na konci.<br \/>\n<\/sr7-txt>\n\t\t\t\t\t\t<\/sr7-slide>\n\t\t\t\t\t\t<sr7-slide id=\"SR7_1_1-4\" data-key=\"4\">\n\t\t\t\t\t\t<\/sr7-slide>\n\t\t\t\t\t<\/sr7-content>\n\t\t\t\t\t<image_lists style=\"display:none\">\n\t\t\t\t\t\t<img data-src=\"\/\/www.spuntologie.cz\/wp-content\/uploads\/2025\/05\/cork-738603-scaled.jpg\" data-libid=\"10880\" data-lib=\"medialibrary\" title=\"cork-738603\" width=\"0\" height=\"0\" data-dbsrc=\"Ly93d3cuc3B1bnRvbG9naWUuY3ovd3AtY29udGVudC91cGxvYWRzLzIwMjUvMDUvY29yay03Mzg2MDMtc2NhbGVkLmpwZw==\"\/>\n\t\t\t\t\t\t<img data-src=\"\/\/www.spuntologie.cz\/wp-content\/uploads\/2025\/05\/tree-4355574-scaled.jpg\" data-libid=\"10882\" data-lib=\"medialibrary\" title=\"tree-4355574\" width=\"0\" height=\"0\" data-dbsrc=\"Ly93d3cuc3B1bnRvbG9naWUuY3ovd3AtY29udGVudC91cGxvYWRzLzIwMjUvMDUvdHJlZS00MzU1NTc0LXNjYWxlZC5qcGc=\"\/>\n\t\t\t\t\t\t<img data-src=\"\/\/www.spuntologie.cz\/wp-content\/uploads\/2025\/05\/FYCB-jKWQAIWR8H.jpg\" data-libid=\"10939\" data-lib=\"medialibrary\" title=\"FYCB-jKWQAIWR8H\" width=\"0\" height=\"0\" data-dbsrc=\"Ly93d3cuc3B1bnRvbG9naWUuY3ovd3AtY29udGVudC91cGxvYWRzLzIwMjUvMDUvRllDQi1qS1dRQUlXUjhILmpwZw==\"\/>\n\t\t\t\t\t\t<img data-src=\"\/\/www.spuntologie.cz\/wp-content\/uploads\/2025\/05\/vyvrtka1.png\" data-libid=\"10951\" data-lib=\"medialibrary\" title=\"vyvrtka1\" width=\"0\" height=\"0\" data-dbsrc=\"Ly93d3cuc3B1bnRvbG9naWUuY3ovd3AtY29udGVudC91cGxvYWRzLzIwMjUvMDUvdnl2cnRrYTEucG5n\"\/>\n\t\t\t\t\t\t<img data-src=\"\/\/www.spuntologie.cz\/wp-content\/uploads\/2025\/05\/wine-bottles-93239-scaled.jpg\" data-libid=\"10881\" data-lib=\"medialibrary\" title=\"wine-bottles-93239\" width=\"0\" height=\"0\" data-dbsrc=\"Ly93d3cuc3B1bnRvbG9naWUuY3ovd3AtY29udGVudC91cGxvYWRzLzIwMjUvMDUvd2luZS1ib3R0bGVzLTkzMjM5LXNjYWxlZC5qcGc=\"\/>\n\t\t\t\t\t<\/image_lists>\n\t\t\t\t<\/sr7-module>\n\t\t\t\t<script>\n\t\t\t\t\tSR7.PMH ??={}; SR7.PMH[\"SR7_1_1\"] = {cn:100,state:false,fn: function() { if (_tpt!==undefined && _tpt.prepareModuleHeight !== undefined) {  _tpt.prepareModuleHeight({id:\"SR7_1_1\",el:[950,950,700,600,500],type:'standard',shdw:'0',gh:[950,950,700,600,500],gw:[1903,1903,1024,778,480],vpt:['-100px&#039;,&#039;-100px&#039;,&#039;-100px&#039;,&#039;-100px&#039;,&#039;-100px'],size:{fullWidth:true, fullHeight:true},fho:'',mh:'0',onh:0,onw:0,bg:{color:'{\"type\":\"solid\",\"orig\":\"#111111\",\"string\":\"rgba(17, 17, 17, 1)\"}'}});   SR7.PMH[\"SR7_1_1\"].state=true;} else if(SR7.PMH[\"SR7_1_1\"].cn-->0)\tsetTimeout( SR7.PMH[\"SR7_1_1\"].fn,19);}};SR7.PMH[\"SR7_1_1\" ].fn();\n\t\t\t\t<\/script>\n\n<div id='uvod' class='widgets_on_page wop_tiny1  wop_small1  wop_medium1  wop_large1  wop_wide1'>\n\t\t\t<ul><!-- ERROR NO TURBO SIDEBAR FOUND WITH ID uvod--><\/ul><\/div><!-- widgets_on_page -->\n<section class=\"uvod\">\n<h2>Jak to cel\u00e9 za\u010dalo\u2026<\/h2>\n<p><img loading=\"lazy\" decoding=\"async\" class=\"alignright\" style=\"float: right; margin-left: 20px; margin-bottom: 10px; width: auto; max-width: 225px; height: auto; border: 1px solid #ccc; box-shadow: 2px 2px 5px rgba(0,0,0,0.1);\" src=\"https:\/\/www.spuntologie.cz\/wp-content\/uploads\/2025\/05\/fedd5f8491befaa81b3132b97e105f15-225x300.jpg\" alt=\"\u0160punt\" width=\"225\" height=\"300\" \/><\/p>\n<p>Jednoho ve\u010dera, se sklenkou dobr\u00e9ho v\u00edna v ruce, jsem se zad\u00edval na \u0161punt. Na prvn\u00ed pohled oby\u010dejn\u00fd kousek korku, co chr\u00e1n\u00ed obsah lahve. Ale pak mi to do\u0161lo \u2013 co v\u0161echno se mus\u00ed st\u00e1t, ne\u017e se z kusu k\u016fry z korkov\u00e9ho dubu stane pr\u00e1v\u011b tenhle mal\u00fd tich\u00fd hrdina? A tak vznikla tahle str\u00e1nka. Pro v\u0161echny, kte\u0159\u00ed si n\u011bkdy polo\u017eili stejnou ot\u00e1zku. V\u00edtejte ve sv\u011bt\u011b korku \u2013 sv\u011bta, kter\u00fd za\u010d\u00edn\u00e1 v dubov\u00e9 aleji a kon\u010d\u00ed p\u0159i\u0165uknut\u00edm.<\/p>\n<p>Na za\u010d\u00e1tku m\u00e9ho p\u00e1tr\u00e1n\u00ed jsem se ale tak\u00e9 zamyslel nad t\u00edm, odkud se vlastn\u011b vzalo slovo \u201e\u0161punt\u201c. Nejd\u0159\u00edve jsem se domn\u00edval, \u017ee ho \u2013 jako mnoho jin\u00e9ho \u2013 vymyslel J\u00e1ra Cimrman. Ale po dotazu v \u00dastavu pro jazyk \u010desk\u00fd mi bylo \u0159e\u010deno:<\/p>\n<p><i>\u201eSlovo \u0160PUNT je p\u0159ejat\u00e9 slovo z n\u011bm\u010diny a sice ze slova: SPUNDT. Tohoto slova u\u017e\u00edvaly u\u017e na\u0161e prababi\u010dky, ba co v\u00edc, u\u017e d\u00e1vno p\u0159ed \u00fadajnou dobou, kdy \u017eil J\u00e1ra Cimrman. Nap\u0159\u00edklad \u00faslov\u00ed: \u201aPol\u00edvka je grunt, kdo j\u00ed nej\u00ed ten je \u0161punt\u2018. Nav\u00edc nejeden z n\u00e1s si v ml\u00e1d\u00ed hr\u00e1l se \u0161puntovkou. Jist\u011b bychom na\u0161li i dal\u0161\u00ed p\u0159\u00edm\u011bry. Slovo \u0160PUNT najdete i s n\u011bkolika jeho odvozeninami u\u017e v Jungmanov\u011b slovn\u00edku (IV. d\u00edl, 1838).\u201c<\/i><\/p>\n<p>Tolik k p\u016fvodu slova. A\u0165 u\u017e ale vzniklo jakkoliv, jist\u00e9 je, \u017ee korek \u2013 materi\u00e1l, ze kter\u00e9ho se \u0161punty vyr\u00e1b\u00ed \u2013 je v\u00fdjime\u010dn\u00fd. Zn\u00e1m\u00fd je u\u017e po tis\u00edcilet\u00ed a dodnes se pova\u017euje za to nejlep\u0161\u00ed, \u010d\u00edm m\u016f\u017eete uzav\u0159\u00edt kvalitn\u00ed v\u00edno. Samoz\u0159ejm\u011b, existuj\u00ed i plastov\u00e9, \u0161roubovac\u00ed nebo sklen\u011bn\u00e9 z\u00e1tky \u2013 a jejich v\u00fdrobci budou tvrdit, \u017ee jsou lep\u0161\u00ed. Ale v\u011b\u0159te, \u017ee skute\u010dn\u011b kvalitn\u00ed v\u00edno bez p\u0159\u00edrodn\u00edho korku t\u00e9m\u011b\u0159 nenajdete.<\/p>\n<p>Jak se dostane kousek k\u016fry z korkov\u00e9ho dubu a\u017e do hrdla l\u00e1hve? To se dozv\u00edte pr\u00e1v\u011b tady \u2013 na str\u00e1nk\u00e1ch v\u011bnovan\u00fdch korku, \u0161punt\u016fm, v\u00fdvrtk\u00e1m, sklenic\u00edm a l\u00e1hv\u00edm. Poj\u010fme na to.<\/p>\n<h3>Odkud v\u00edtr vane (a korek roste)<\/h3>\n<p>Korkov\u00fd dub je doma hlavn\u011b ve St\u0159edomo\u0159\u00ed. Nejv\u00edce ho najdete v Portugalsku a \u0160pan\u011blsku, kde tvo\u0159\u00ed cel\u00e9 korkov\u00e9 h\u00e1je. Je to strom trp\u011bliv\u00fd \u2013 prvn\u00ed sklize\u0148 korku p\u0159ich\u00e1z\u00ed a\u017e po 25 letech, ale pak se skl\u00edz\u00ed ka\u017ed\u00fdch dev\u011bt. Nen\u00ed to bolestiv\u00e9, naopak \u2013 kdy\u017e se to d\u011bl\u00e1 spr\u00e1vn\u011b, strom je v pohod\u011b. N\u011bkter\u00e9 korkov\u00e9 duby tak d\u00e1vaj\u00ed korek i sto let, a za tu dobu poslou\u017e\u00ed tis\u00edc\u016fm lahv\u00ed.<\/p>\n<h3>\u0160punty \u2013 mal\u00e9 z\u00e1tky s velkou mis\u00ed<\/h3>\n<p>Jak se z korku stane \u0161punt? K\u016fra se napa\u0159\u00ed, lisuje, su\u0161\u00ed a nakonec vysek\u00e1v\u00e1. V\u00fdsledek je bu\u010f luxusn\u00ed p\u0159\u00edrodn\u00ed z\u00e1tka, nebo technick\u00fd \u0161punt z mlet\u00e9ho korku. Nejv\u011bt\u0161\u00edm v\u00fdrobcem je op\u011bt Portugalsko \u2013 zem\u011b, kde je korek n\u00e1rodn\u00ed poklad. Na sv\u011bt\u011b existuj\u00ed des\u00edtky druh\u016f \u0161punt\u016f \u2013 kr\u00e1tk\u00e9, dlouh\u00e9, syntetick\u00e9, \u0161ampa\u0148sk\u00e9&#8230; Ka\u017ed\u00fd m\u00e1 svou roli a \u017e\u00e1dn\u00fd se nefl\u00e1k\u00e1.<\/p>\n<h3>V\u00fdvrtky \u2013 kdy\u017e to chce grif<\/h3>\n<p>Bez v\u00fdvrtky by byl \u0161punt jen v\u011b\u010dn\u00fd v\u011bze\u0148. Prvn\u00ed v\u00fdvrtky se objevily u\u017e v 17. stolet\u00ed, inspirov\u00e1ny n\u00e1stroji na vytahov\u00e1n\u00ed kulek z pu\u0161ek. Od t\u00e9 doby pro\u0161ly dlouhou cestou \u2013 od jednoduch\u00fdch spir\u00e1l a\u017e po luxusn\u00ed p\u00e1kov\u00e9 nebo elektrick\u00e9 modely. Ka\u017ed\u00fd vina\u0159 m\u00e1 tu svou obl\u00edbenou. A n\u011bkte\u0159\u00ed sb\u011bratel\u00e9 tvrd\u00ed, \u017ee m\u00edt doma deset v\u00fdvrtk\u016f nen\u00ed \u00fachylka, ale kon\u00ed\u010dek.<\/p>\n<h3>Sklenice \u2013 nejen z \u010deho, ale jak<\/h3>\n<p>Nen\u00ed sklenice jako sklenice. Pro \u010derven\u00e9, b\u00edl\u00e9, \u0161umiv\u00e9, sladk\u00e9&#8230; ka\u017ed\u00e9 v\u00edno m\u00e1 r\u00e1do jin\u00fd tvar, objem a dokonce i tlou\u0161\u0165ku skla. Na webu se dozv\u00edte, pro\u010d je tulip\u00e1n tvar ide\u00e1ln\u00ed, \u010d\u00edm \u0161kod\u00ed siln\u00e1 no\u017eka a pro\u010d n\u011bkter\u00e9 sklenice zn\u00ed jako koncertn\u00ed s\u00e1l. A ano, i sklenice d\u011bl\u00e1 v\u00edno \u2013 aspo\u0148 trochu. Minim\u00e1ln\u011b pro oko a du\u0161i.<\/p>\n<h3>L\u00e1hve \u2013 elegance ve skle<\/h3>\n<p>V\u00edno nem\u00e1 r\u00e1do sv\u011btlo ani vzduch, a tak se schov\u00e1v\u00e1 do lahv\u00ed. Ale jak\u00fdch! Vysok\u00e9, n\u00edzk\u00e9, s rameny i bez, zelen\u00e9 nebo \u010dir\u00e9&#8230; Ka\u017ed\u00fd tvar m\u00e1 svou tradici a v\u00fdznam. Tady se dozv\u00edte, pro\u010d je burgundsk\u00e1 kulat\u00e1 a pro\u010d se \u0161ampa\u0148sk\u00e9 lahve vyr\u00e1b\u011bj\u00ed jako tanky. A \u017ee aby se \u0161punt dostal dovnit\u0159, pou\u017e\u00edv\u00e1 se z\u00e1zra\u010dn\u00e9 za\u0159\u00edzen\u00ed \u2013 z\u00e1tkova\u010dka. Mal\u00fd stroj, velk\u00e1 zodpov\u011bdnost.<\/p>\n<p><em>Tak na zdrav\u00ed a a\u0165 v\u00e1s sv\u011bt korku, \u0161punt\u016f, v\u00fdvrtek a skleni\u010dek bav\u00ed stejn\u011b jako m\u011b, kdy\u017e jsem tehdy s tou sklenkou p\u0159em\u00fd\u0161lel\u2026<\/em><\/p>\n<\/section>\n","protected":false},"excerpt":{"rendered":"<p>Jak to cel\u00e9 za\u010dalo\u2026 Jednoho ve\u010dera, se sklenkou dobr\u00e9ho v\u00edna v ruce, jsem se zad\u00edval na \u0161punt. Na prvn\u00ed pohled oby\u010dejn\u00fd kousek korku, co chr\u00e1n\u00ed obsah lahve. Ale pak mi to do\u0161lo \u2013 co v\u0161echno se mus\u00ed st\u00e1t, ne\u017e se z kusu k\u016fry z korkov\u00e9ho dubu stane pr\u00e1v\u011b tenhle mal\u00fd<span class=\"more-link\"><a href=\"https:\/\/www.spuntologie.cz\/\">Continue Reading<\/a><\/span><\/p>\n","protected":false},"author":1,"featured_media":0,"parent":0,"menu_order":0,"comment_status":"closed","ping_status":"closed","template":"","meta":{"footnotes":""},"class_list":["entry","author-nehasil","post-6754","page","type-page","status-publish"],"_links":{"self":[{"href":"https:\/\/www.spuntologie.cz\/index.php\/wp-json\/wp\/v2\/pages\/6754","targetHints":{"allow":["GET"]}}],"collection":[{"href":"https:\/\/www.spuntologie.cz\/index.php\/wp-json\/wp\/v2\/pages"}],"about":[{"href":"https:\/\/www.spuntologie.cz\/index.php\/wp-json\/wp\/v2\/types\/page"}],"author":[{"embeddable":true,"href":"https:\/\/www.spuntologie.cz\/index.php\/wp-json\/wp\/v2\/users\/1"}],"replies":[{"embeddable":true,"href":"https:\/\/www.spuntologie.cz\/index.php\/wp-json\/wp\/v2\/comments?post=6754"}],"version-history":[{"count":14,"href":"https:\/\/www.spuntologie.cz\/index.php\/wp-json\/wp\/v2\/pages\/6754\/revisions"}],"predecessor-version":[{"id":11044,"href":"https:\/\/www.spuntologie.cz\/index.php\/wp-json\/wp\/v2\/pages\/6754\/revisions\/11044"}],"wp:attachment":[{"href":"https:\/\/www.spuntologie.cz\/index.php\/wp-json\/wp\/v2\/media?parent=6754"}],"curies":[{"name":"wp","href":"https:\/\/api.w.org\/{rel}","templated":true}]}}