{"id":10906,"date":"2025-05-21T06:50:22","date_gmt":"2025-05-21T06:50:22","guid":{"rendered":"https:\/\/www.spuntologie.cz\/?page_id=10906"},"modified":"2025-05-21T11:50:05","modified_gmt":"2025-05-21T11:50:05","slug":"o-vyvrtkach","status":"publish","type":"page","link":"https:\/\/www.spuntologie.cz\/index.php\/o-vyvrtkach\/","title":{"rendered":"O v\u00fdvrtk\u00e1ch"},"content":{"rendered":"\n\t\t\t\t<p class=\"rs-p-wp-fix\"><\/p>\n\t\t\t\t<sr7-module data-alias=\"ovyvrtkach1\" data-id=\"7\" id=\"SR7_7_1\" class=\"rs-ov-hidden\" data-version=\"6.7.29\">\n\t\t\t\t\t<sr7-adjuster><\/sr7-adjuster>\n\t\t\t\t\t<sr7-content>\n\t\t\t\t\t\t<sr7-slide id=\"SR7_7_1-16\" data-key=\"16\">\n\t\t\t\t\t\t\t<sr7-bg id=\"SR7_7_1-16-3\" class=\"sr7-layer\"><noscript><img decoding=\"async\" src=\"https:\/\/www.spuntologie.cz\/wp-content\/uploads\/2025\/05\/vyvrtka1.png\" alt=\"\" title=\"vyvrtka1\"><\/noscript><\/sr7-bg>\n\t\t\t\t\t\t\t<sr7-txt id=\"SR7_7_1-16-0\" class=\"sr7-layer\">O v\u00fdvrtk\u00e1ch<br \/>\n<\/sr7-txt>\n\t\t\t\t\t\t\t<sr7-txt id=\"SR7_7_1-16-2\" class=\"sr7-layer\">Bez v\u00fdvrtky je i nejlep\u0161\u00ed v\u00edno jen t\u011b\u017eko dostupn\u00fd sen.<br \/>\n<\/sr7-txt>\n\t\t\t\t\t\t<\/sr7-slide>\n\t\t\t\t\t\t<sr7-slide id=\"SR7_7_1-18\" data-key=\"18\">\n\t\t\t\t\t\t<\/sr7-slide>\n\t\t\t\t\t<\/sr7-content>\n\t\t\t\t\t<image_lists style=\"display:none\">\n\t\t\t\t\t\t<img data-src=\"\/\/www.spuntologie.cz\/wp-content\/uploads\/2025\/05\/vyvrtka1.png\" data-libid=\"10951\" data-lib=\"medialibrary\" title=\"vyvrtka1\" width=\"0\" height=\"0\" data-dbsrc=\"Ly93d3cuc3B1bnRvbG9naWUuY3ovd3AtY29udGVudC91cGxvYWRzLzIwMjUvMDUvdnl2cnRrYTEucG5n\"\/>\n\t\t\t\t\t<\/image_lists>\n\t\t\t\t<\/sr7-module>\n\t\t\t\t<script>\n\t\t\t\t\tSR7.PMH ??={}; SR7.PMH[\"SR7_7_1\"] = {cn:100,state:false,fn: function() { if (_tpt!==undefined && _tpt.prepareModuleHeight !== undefined) {  _tpt.prepareModuleHeight({id:\"SR7_7_1\",el:[950,950,700,600,500],type:'standard',shdw:'0',gh:[950,950,700,600,500],gw:[1903,1903,1024,778,480],vpt:['-100px&#039;,&#039;-100px&#039;,&#039;-100px&#039;,&#039;-100px&#039;,&#039;-100px'],size:{fullWidth:true, fullHeight:true},fho:'',mh:'0',onh:0,onw:0,bg:{color:'{\"type\":\"solid\",\"orig\":\"#111111\",\"string\":\"rgba(17, 17, 17, 1)\"}'}});   SR7.PMH[\"SR7_7_1\"].state=true;} else if(SR7.PMH[\"SR7_7_1\"].cn-->0)\tsetTimeout( SR7.PMH[\"SR7_7_1\"].fn,19);}};SR7.PMH[\"SR7_7_1\" ].fn();\n\t\t\t\t<\/script>\n\n<p>V\u00fdvrtka. Nen\u00e1padn\u00fd, zato nepostradateln\u00fd pomocn\u00edk v\u0161ech milovn\u00edk\u016f v\u00edna. Kdo ji vymyslel? Jak se vyv\u00edjela? A pro\u010d se jich vyr\u00e1b\u00ed tolik druh\u016f, kdy\u017e stejn\u011b nakonec v\u011bt\u0161ina z n\u00e1s s\u00e1hne po t\u00e9 jedin\u00e9, co m\u00e1me v \u0161upl\u00edku od p\u0159\u00edbor\u016f?<\/p>\n<p><strong>Od mu\u0161ket po merlot<\/strong><\/p>\n<p>Historie v\u00fdvrtky je p\u0159ekvapiv\u011b spjata s v\u00e1le\u010dnictv\u00edm. Prvn\u00ed v\u00fdvrtky vznikly v 17. stolet\u00ed jako adaptace n\u00e1stroje pou\u017e\u00edvan\u00e9ho k vytahov\u00e1n\u00ed olov\u011bn\u00fdch kuli\u010dek z hlavn\u00ed mu\u0161ket. A kdy\u017e si to tak vezmeme, i dne\u0161n\u00ed v\u00fdvrtka pom\u00e1h\u00e1 \u201evyst\u0159elit\u201c \u2013 jen m\u00edsto kulek z hlavn\u011b tah\u00e1me \u0161punty z lahv\u00ed.<\/p>\n<p>Prvn\u00ed patent na v\u00fdvrtku si nechal zapsat reverend Samuel Henshall v roce 1795. Jeho model u\u017e velmi p\u0159ipom\u00ednal dne\u0161n\u00ed klasiku \u2013 jednoduchou spir\u00e1lu s rukojet\u00ed. A v\u00edno kone\u010dn\u011b mohlo t\u00e9ct proudem.<\/p>\n<p><strong>Kolik v\u00fdvrtek \u010dlov\u011bk pot\u0159ebuje?<\/strong><\/p>\n<p>Odpov\u011b\u010f je jednoduch\u00e1: <em>alespo\u0148 jednu, kter\u00e1 funguje<\/em>. Ale v\u00fdvoj\u00e1\u0159i a design\u00e9\u0159i si s t\u00edmhle n\u00e1strojem vyhr\u00e1li. Dnes m\u00e1me des\u00edtky typ\u016f:<\/p>\n<ul>\n<li><strong>Kapesn\u00ed v\u00fdvrtka<\/strong> \u2013 kompaktn\u00ed klasika do batohu ka\u017ed\u00e9ho v\u00fdletn\u00edka.<\/li>\n<li><strong>\u010c\u00ed\u0161nick\u00fd n\u016f\u017e<\/strong> \u2013 elegantn\u00ed a efektivn\u00ed, obl\u00edben\u00fd v restaurac\u00edch po cel\u00e9m sv\u011bt\u011b.<\/li>\n<li><strong>P\u00e1kov\u00e1 v\u00fdvrtka<\/strong> \u2013 ide\u00e1ln\u00ed pro dom\u00e1c\u00ed pou\u017eit\u00ed, kdy\u017e nechcete z\u00e1pasit s ka\u017edou lahv\u00ed jako o \u017eivot.<\/li>\n<li><strong>Elektrick\u00e1 v\u00fdvrtka<\/strong> \u2013 pro ty, co cht\u011bj\u00ed otev\u0159\u00edt v\u00edno s minim\u00e1ln\u00edm \u00fasil\u00edm (a maxim\u00e1ln\u00edm efektem).<\/li>\n<li><strong>T-kli\u010dka<\/strong> \u2013 tradi\u010dn\u00ed model, u kter\u00e9ho z\u00e1le\u017e\u00ed hlavn\u011b na s\u00edle p\u0159edlokt\u00ed a trp\u011blivosti.<\/li>\n<\/ul>\n<p><strong>Tipy, jak se neztrapnit<\/strong><\/p>\n<ul>\n<li>Nikdy nezasouvejte spir\u00e1lu v\u00fdvrtky skrz cel\u00fd korek \u2013 hroz\u00ed, \u017ee ho proraz\u00edte a \u0161punt skon\u010d\u00ed ve v\u00edn\u011b.<\/li>\n<li>Pokud pou\u017e\u00edv\u00e1te \u010d\u00ed\u0161nick\u00fd n\u016f\u017e, op\u0159ete p\u00e1ku o hrdlo l\u00e1hve, ne o st\u016fl nebo koleno.<\/li>\n<li>A hlavn\u011b: neto\u010dte celou l\u00e1hev, to\u010dte v\u00fdvrtkou!<\/li>\n<\/ul>\n<p><strong>Sb\u00edr\u00e1n\u00ed v\u00fdvrtek \u2013 ano, existuje to<\/strong><\/p>\n<p>Mo\u017en\u00e1 v\u00e1s p\u0159ekvap\u00ed, \u017ee v\u00fdvrtky nejsou jen n\u00e1stroje, ale i sb\u011bratelsk\u00fd artikl. N\u011bkter\u00e9 star\u00e9 nebo designov\u00e9 v\u00fdvrtky maj\u00ed hodnotu stovek a\u017e tis\u00edc\u016f korun. Existuj\u00ed dokonce muzea v\u00fdvrtek \u2013 t\u0159eba v It\u00e1lii nebo ve Francii. A ano, existuj\u00ed i sb\u011bratelsk\u00e9 kluby.<\/p>\n<p><strong>Z\u00e1v\u011brem<\/strong><\/p>\n<p>V\u00fdvrtka je mo\u017en\u00e1 mal\u00fd kousek kovu (nebo plastu), ale bez n\u00ed bychom se s v\u00ednem mohli tak akor\u00e1t koukat na l\u00e1hev. A\u0165 u\u017e m\u00e1te v\u00fdvrtku z trhu, z IKEA nebo po d\u011bde\u010dkovi, bu\u010fte na ni hrd\u00ed. Je to n\u00e1stroj s histori\u00ed, s du\u0161\u00ed \u2013 a \u010dasto i s t\u00edm zatracen\u011b uta\u017een\u00fdm korkem, se kter\u00fdm z\u00e1pas\u00edte p\u0159ed n\u00e1v\u0161t\u011bvou.<\/p>\n<style>\n.vyvrtky-table {<br \/>  width: 100%;<br \/>  margin: 2em auto;<br \/>  border-collapse: collapse;<br \/>  text-align: left;<br \/>  font-family: sans-serif;<br \/>}<\/p>\n<p>.vyvrtky-table td {<br \/>  border: 1px solid #996600;<br \/>  padding: 1em;<br \/>  vertical-align: top;<br \/>  background-color: #fffdf4;<br \/>}<\/p>\n<p>.vyvrtky-table img {<br \/>  display: block;<br \/>  margin: 0 auto 0.5em auto;<br \/>  max-width: 100px;<br \/>  height: auto;<br \/>  box-shadow: 2px 2px 5px rgba(0,0,0,0.1);<br \/>}<\/p>\n<p>.vyvrtky-table strong {<br \/>  display: block;<br \/>  margin-bottom: 0.5em;<br \/>  color: #663300;<br \/>  font-size: 1.1em;<br \/>}<br \/><\/style>\n<table class=\"vyvrtky-table\">\n<tbody>\n<tr>\n<td><a href=\"https:\/\/www.spuntologie.cz\/wp-content\/uploads\/2025\/05\/tvyvrtka.jpg\"><img loading=\"lazy\" decoding=\"async\" class=\"size-full wp-image-10935 alignleft\" src=\"https:\/\/www.spuntologie.cz\/wp-content\/uploads\/2025\/05\/tvyvrtka.jpg\" alt=\"\" width=\"126\" height=\"209\" \/><\/a><br \/>\n<strong>T-v\u00fdvrtka<\/strong><br \/>\nKlasika, co nezklame. Ani nepom\u016f\u017ee. Rukoje\u0165 ze d\u0159eva, rohu, nebo plastu? Je to jedno. Tahat s n\u00ed korek je jako z\u00e1pasit s medv\u011bdem na led\u011b. Pot\u0159ebujete ruce kulturisty \u2013 nebo hodn\u011b trp\u011blivosti.<\/td>\n<td><a href=\"https:\/\/www.spuntologie.cz\/wp-content\/uploads\/2025\/05\/cisnicky.jpg\"><img loading=\"lazy\" decoding=\"async\" class=\"size-full wp-image-10925 alignleft\" src=\"https:\/\/www.spuntologie.cz\/wp-content\/uploads\/2025\/05\/cisnicky.jpg\" alt=\"\" width=\"124\" height=\"209\" \/><\/a><br \/>\n<strong>\u010c\u00ed\u0161nick\u00fd n\u016f\u017e<\/strong><br \/>\nElegantn\u00ed d\u0159\u00ed\u010d. Zavrt\u00e1te, op\u0159ete o hrdlo a p\u00e1kou vyt\u00e1hnete. Ide\u00e1l pro prof\u00edky i dom\u00e1c\u00ed kutily. Jen bacha na kr\u00e1tk\u00e9 spir\u00e1ly \u2013 n\u011bkdy mus\u00edte p\u00e1\u010dit dvakr\u00e1t.<\/td>\n<td><a href=\"https:\/\/www.spuntologie.cz\/wp-content\/uploads\/2025\/05\/pulltap.jpg\"><img loading=\"lazy\" decoding=\"async\" class=\"size-full wp-image-10932 alignleft\" src=\"https:\/\/www.spuntologie.cz\/wp-content\/uploads\/2025\/05\/pulltap.jpg\" alt=\"\" width=\"130\" height=\"209\" \/><\/a><br \/>\n<strong>Pulltap<\/strong><br \/>\nDv\u011b op\u011brky m\u00edsto jedn\u00e9 \u2013 a hned je to \u0161ik! Z\u00e1tka vyjede jako po m\u00e1sle. Francouzsk\u00e1 vynal\u00e9zavost slav\u00ed \u00fasp\u011bch, ani\u017e by v\u00e1s bolela ruka.<\/td>\n<\/tr>\n<tr>\n<td><a href=\"https:\/\/www.spuntologie.cz\/wp-content\/uploads\/2025\/05\/puingpull.jpg\"><img loading=\"lazy\" decoding=\"async\" class=\"alignleft size-full wp-image-10931\" src=\"https:\/\/www.spuntologie.cz\/wp-content\/uploads\/2025\/05\/puingpull.jpg\" alt=\"\" width=\"126\" height=\"209\" \/><\/a><br \/>\n<strong>Puigpull<\/strong><br \/>\nDal\u0161\u00ed evoluce \u010d\u00ed\u0161n\u00edka. P\u00e1ka, kter\u00e1 se ma\u010dk\u00e1 n\u011bkolikr\u00e1t \u2013 s\u00edla nen\u00ed t\u0159eba, ale \u0161ikovnost ano. Ide\u00e1ln\u00ed pro jemn\u00e9 du\u0161e, kter\u00e9 necht\u011bj\u00ed z\u00e1pasit s lahv\u00ed.<\/td>\n<td><a href=\"https:\/\/www.spuntologie.cz\/wp-content\/uploads\/2025\/05\/motylek.jpg\"><img loading=\"lazy\" decoding=\"async\" class=\"alignleft size-full wp-image-10929\" src=\"https:\/\/www.spuntologie.cz\/wp-content\/uploads\/2025\/05\/motylek.jpg\" alt=\"\" width=\"128\" height=\"209\" \/><\/a><br \/>\n<strong>Mot\u00fdlek<\/strong><br \/>\nLegend\u00e1rn\u00ed retro. Ka\u017ed\u00e1 babi\u010dka ho m\u00e1 doma a funguje st\u00e1le skv\u011ble. Mot\u00fdl\u00ed k\u0159\u00eddla vyt\u00e1hnou korek hladce, ale navrtat to chce fi\u0161tr\u00f3na.<\/td>\n<td><a href=\"https:\/\/www.spuntologie.cz\/wp-content\/uploads\/2025\/05\/screwpull.jpg\"><img loading=\"lazy\" decoding=\"async\" class=\"alignleft size-full wp-image-10934\" src=\"https:\/\/www.spuntologie.cz\/wp-content\/uploads\/2025\/05\/screwpull.jpg\" alt=\"\" width=\"124\" height=\"209\" \/><\/a><br \/>\n<strong>Screwpull \u2013 Elite<\/strong><br \/>\nFrancouzsk\u00e1 noblesa. Teflonov\u00e1 spir\u00e1la, \u017e\u00e1dn\u00e1 n\u00e1maha, \u017e\u00e1dn\u00e9 drama. Jen ne na l\u00e1hve s divn\u00fdm hrdlem \u2013 ty ji nemaj\u00ed r\u00e1dy.<\/td>\n<\/tr>\n<tr>\n<td><a href=\"https:\/\/www.spuntologie.cz\/wp-content\/uploads\/2025\/05\/klestiny.jpg\"><img loading=\"lazy\" decoding=\"async\" class=\"alignleft size-full wp-image-10927\" src=\"https:\/\/www.spuntologie.cz\/wp-content\/uploads\/2025\/05\/klestiny.jpg\" alt=\"\" width=\"125\" height=\"209\" \/><\/a><br \/>\n<strong>Kle\u0161tiny na z\u00e1tky<\/strong><br \/>\nVypad\u00e1 jako mu\u010dic\u00ed n\u00e1stroj, ale pom\u016f\u017ee, kde jin\u00ed selh\u00e1vaj\u00ed \u2013 star\u00e9 drobiv\u00e9 z\u00e1tky zvl\u00e1dne levou zadn\u00ed. Jen to chce trochu cviku.<\/td>\n<td><a href=\"https:\/\/www.spuntologie.cz\/wp-content\/uploads\/2025\/05\/winemaster.jpg\"><img loading=\"lazy\" decoding=\"async\" class=\"alignleft size-full wp-image-10936\" src=\"https:\/\/www.spuntologie.cz\/wp-content\/uploads\/2025\/05\/winemaster.jpg\" alt=\"\" width=\"146\" height=\"209\" \/><\/a><br \/>\n<strong>Winemaster VacuVin<\/strong><br \/>\nVypad\u00e1 jako p\u0159\u00edstroj z laborato\u0159e, ale funguje skv\u011ble. P\u00e1\u010dky, z\u00e1tka ven, hotovo. Jen pozor, po 800 lahv\u00edch si \u0159\u00edk\u00e1 o servis.<\/td>\n<td><a href=\"https:\/\/www.spuntologie.cz\/wp-content\/uploads\/2025\/05\/prosecco.jpg\"><img loading=\"lazy\" decoding=\"async\" class=\"alignleft size-full wp-image-10930\" src=\"https:\/\/www.spuntologie.cz\/wp-content\/uploads\/2025\/05\/prosecco.jpg\" alt=\"\" width=\"136\" height=\"209\" \/><\/a><br \/>\n<strong>Vytahova\u010d Prosecco<\/strong><br \/>\nPro slavnostn\u00ed bublinky. Obsluhu zvl\u00e1dne jen mistr rovnov\u00e1hy, ale efekt? \u00da\u017easn\u00fd! S pistolov\u00fdm stiskem, samoz\u0159ejm\u011b.<\/td>\n<\/tr>\n<tr>\n<td><a href=\"https:\/\/www.spuntologie.cz\/wp-content\/uploads\/2025\/05\/corkpops.jpg\"><img loading=\"lazy\" decoding=\"async\" class=\"alignleft size-full wp-image-10926\" src=\"https:\/\/www.spuntologie.cz\/wp-content\/uploads\/2025\/05\/corkpops.jpg\" alt=\"\" width=\"126\" height=\"209\" \/><\/a><br \/>\n<strong>Cork Pops<\/strong><br \/>\nHigh-tech hra\u010dka se stla\u010den\u00fdm plynem. Korek vylet\u00ed jako \u0161punt z d\u011bla. Ale pozor \u2013 bombi\u010dky nejsou zadarmo a zran\u011bn\u00ed nejsou vylou\u010dena.<\/td>\n<td><a href=\"https:\/\/www.spuntologie.cz\/wp-content\/uploads\/2025\/05\/leverpull.jpg\"><img loading=\"lazy\" decoding=\"async\" class=\"alignleft size-full wp-image-10928\" src=\"https:\/\/www.spuntologie.cz\/wp-content\/uploads\/2025\/05\/leverpull.jpg\" alt=\"\" width=\"151\" height=\"209\" \/><\/a><br \/>\n<strong>Leverpull<\/strong><br \/>\nSv\u011bt p\u00e1\u010dek. Stisknete, povol\u00edte \u2013 korek je venku. V\u0159eteno v\u0161ak nen\u00ed nesmrteln\u00e9. N\u00e1hradn\u00ed se hod\u00ed. O\u0159ez\u00e1va\u010d chyb\u00ed.<\/td>\n<td><a href=\"https:\/\/www.spuntologie.cz\/wp-content\/uploads\/2025\/05\/savle.jpg\"><img loading=\"lazy\" decoding=\"async\" class=\"aligncenter size-medium wp-image-10933\" src=\"https:\/\/www.spuntologie.cz\/wp-content\/uploads\/2025\/05\/savle-300x172.jpg\" alt=\"\" width=\"300\" height=\"172\" srcset=\"https:\/\/www.spuntologie.cz\/wp-content\/uploads\/2025\/05\/savle-300x172.jpg 300w, https:\/\/www.spuntologie.cz\/wp-content\/uploads\/2025\/05\/savle.jpg 600w\" sizes=\"auto, (max-width: 300px) 100vw, 300px\" \/><\/a><br \/>\n<strong>\u0160avle<\/strong><br \/>\nPro opravdov\u00e9 hrdiny. Sabr\u00e1\u017e je divadlo \u2013 odseknout hrdlo l\u00e1hve \u0161avl\u00ed chce cvik, odvahu a nejl\u00e9pe i helmu. <a href=\"https:\/\/www.youtube.com\/watch?v=c6A3PH5fEPA\" target=\"_blank\" rel=\"noopener\">Video zde<\/a>.<\/td>\n<\/tr>\n<\/tbody>\n<\/table>\n","protected":false},"excerpt":{"rendered":"<p>V\u00fdvrtka. Nen\u00e1padn\u00fd, zato nepostradateln\u00fd pomocn\u00edk v\u0161ech milovn\u00edk\u016f v\u00edna. Kdo ji vymyslel? Jak se vyv\u00edjela? A pro\u010d se jich vyr\u00e1b\u00ed tolik druh\u016f, kdy\u017e stejn\u011b nakonec v\u011bt\u0161ina z n\u00e1s s\u00e1hne po t\u00e9 jedin\u00e9, co m\u00e1me v \u0161upl\u00edku od p\u0159\u00edbor\u016f? Od mu\u0161ket po merlot Historie v\u00fdvrtky je p\u0159ekvapiv\u011b spjata s v\u00e1le\u010dnictv\u00edm. Prvn\u00ed v\u00fdvrtky<span class=\"more-link\"><a href=\"https:\/\/www.spuntologie.cz\/index.php\/o-vyvrtkach\/\">Continue Reading<\/a><\/span><\/p>\n","protected":false},"author":1,"featured_media":0,"parent":0,"menu_order":0,"comment_status":"closed","ping_status":"closed","template":"","meta":{"footnotes":""},"class_list":["entry","author-nehasil","post-10906","page","type-page","status-publish"],"_links":{"self":[{"href":"https:\/\/www.spuntologie.cz\/index.php\/wp-json\/wp\/v2\/pages\/10906","targetHints":{"allow":["GET"]}}],"collection":[{"href":"https:\/\/www.spuntologie.cz\/index.php\/wp-json\/wp\/v2\/pages"}],"about":[{"href":"https:\/\/www.spuntologie.cz\/index.php\/wp-json\/wp\/v2\/types\/page"}],"author":[{"embeddable":true,"href":"https:\/\/www.spuntologie.cz\/index.php\/wp-json\/wp\/v2\/users\/1"}],"replies":[{"embeddable":true,"href":"https:\/\/www.spuntologie.cz\/index.php\/wp-json\/wp\/v2\/comments?post=10906"}],"version-history":[{"count":1,"href":"https:\/\/www.spuntologie.cz\/index.php\/wp-json\/wp\/v2\/pages\/10906\/revisions"}],"predecessor-version":[{"id":10924,"href":"https:\/\/www.spuntologie.cz\/index.php\/wp-json\/wp\/v2\/pages\/10906\/revisions\/10924"}],"wp:attachment":[{"href":"https:\/\/www.spuntologie.cz\/index.php\/wp-json\/wp\/v2\/media?parent=10906"}],"curies":[{"name":"wp","href":"https:\/\/api.w.org\/{rel}","templated":true}]}}