{"id":10887,"date":"2025-05-20T11:11:40","date_gmt":"2025-05-20T11:11:40","guid":{"rendered":"https:\/\/www.spuntologie.cz\/?page_id=10887"},"modified":"2025-05-26T05:17:42","modified_gmt":"2025-05-26T05:17:42","slug":"o-korku","status":"publish","type":"page","link":"https:\/\/www.spuntologie.cz\/index.php\/o-korku\/","title":{"rendered":"O korku"},"content":{"rendered":"\n\t\t\t\t<p class=\"rs-p-wp-fix\"><\/p>\n\t\t\t\t<sr7-module data-alias=\"okorku1\" data-id=\"6\" id=\"SR7_6_1\" class=\"rs-ov-hidden\" data-version=\"6.7.29\">\n\t\t\t\t\t<sr7-adjuster><\/sr7-adjuster>\n\t\t\t\t\t<sr7-content>\n\t\t\t\t\t\t<sr7-slide id=\"SR7_6_1-13\" data-key=\"13\">\n\t\t\t\t\t\t\t<sr7-bg id=\"SR7_6_1-13-3\" class=\"sr7-layer\"><noscript><img decoding=\"async\" src=\"https:\/\/www.spuntologie.cz\/wp-content\/uploads\/2025\/05\/tree-4355574-scaled.jpg\" alt=\"\" title=\"tree-4355574\"><\/noscript><\/sr7-bg>\n\t\t\t\t\t\t\t<sr7-txt id=\"SR7_6_1-13-0\" class=\"sr7-layer\">O korkov\u00e9m dubu<br \/>\n<\/sr7-txt>\n\t\t\t\t\t\t\t<sr7-txt id=\"SR7_6_1-13-2\" class=\"sr7-layer\">Strom, kter\u00fd d\u00e1v\u00e1 v\u00edc ne\u017e jen st\u00edn<br \/>\n<\/sr7-txt>\n\t\t\t\t\t\t<\/sr7-slide>\n\t\t\t\t\t\t<sr7-slide id=\"SR7_6_1-15\" data-key=\"15\">\n\t\t\t\t\t\t<\/sr7-slide>\n\t\t\t\t\t<\/sr7-content>\n\t\t\t\t\t<image_lists style=\"display:none\">\n\t\t\t\t\t\t<img data-src=\"\/\/www.spuntologie.cz\/wp-content\/uploads\/2025\/05\/tree-4355574-scaled.jpg\" data-libid=\"10882\" data-lib=\"medialibrary\" title=\"tree-4355574\" width=\"0\" height=\"0\" data-dbsrc=\"Ly93d3cuc3B1bnRvbG9naWUuY3ovd3AtY29udGVudC91cGxvYWRzLzIwMjUvMDUvdHJlZS00MzU1NTc0LXNjYWxlZC5qcGc=\"\/>\n\t\t\t\t\t<\/image_lists>\n\t\t\t\t<\/sr7-module>\n\t\t\t\t<script>\n\t\t\t\t\tSR7.PMH ??={}; SR7.PMH[\"SR7_6_1\"] = {cn:100,state:false,fn: function() { if (_tpt!==undefined && _tpt.prepareModuleHeight !== undefined) {  _tpt.prepareModuleHeight({id:\"SR7_6_1\",el:[950,950,700,600,500],type:'standard',shdw:'0',gh:[950,950,700,600,500],gw:[1903,1903,1024,778,480],vpt:['-100px&#039;,&#039;-100px&#039;,&#039;-100px&#039;,&#039;-100px&#039;,&#039;-100px'],size:{fullWidth:true, fullHeight:true},fho:'',mh:'0',onh:0,onw:0,bg:{color:'{\"type\":\"solid\",\"orig\":\"#111111\",\"string\":\"rgba(17, 17, 17, 1)\"}'}});   SR7.PMH[\"SR7_6_1\"].state=true;} else if(SR7.PMH[\"SR7_6_1\"].cn-->0)\tsetTimeout( SR7.PMH[\"SR7_6_1\"].fn,19);}};SR7.PMH[\"SR7_6_1\" ].fn();\n\t\t\t\t<\/script>\n\n<div id='korek' class='widgets_on_page wop_tiny1  wop_small1  wop_medium1  wop_large1  wop_wide1'>\n\t\t\t<ul><!-- ERROR NO TURBO SIDEBAR FOUND WITH ID korek--><\/ul><\/div><!-- widgets_on_page -->\n<p>&nbsp;<\/p>\n<div class=\"vino-obsah\">\n<h2>Korkov\u00fd dub a korek \u2013 p\u0159\u00edrodn\u00ed z\u00e1zrak s otv\u00edr\u00e1kem v pat\u00e1ch<\/h2>\n<p>Kdy\u017e se \u0159ekne <strong>korek<\/strong>, v\u011bt\u0161ina lid\u00ed si vybav\u00ed l\u00e1hev v\u00edna a \u0161punt, kter\u00fd vzdoruje otv\u00edr\u00e1ku s hrdost\u00ed gener\u00e1la. Ale za t\u00edm mal\u00fdm z\u00e1tkov\u00fdm hrdinou se skr\u00fdv\u00e1 dlouh\u00e1 historie, d\u016fmysln\u00fd p\u0159\u00edrodn\u00ed materi\u00e1l a<br \/>\n<a href=\"https:\/\/www.spuntologie.cz\/wp-content\/uploads\/2025\/05\/cork-oak-505266-scaled.jpg\"><br \/>\n<img decoding=\"async\" class=\"alignleft\" style=\"margin-left: 20px; margin-top: 35px; max-width: 300px;\" src=\"https:\/\/www.spuntologie.cz\/wp-content\/uploads\/2025\/05\/cork-oak-505266-300x199.jpg\" alt=\"Korkov\u00fd dub\" \/><br \/>\n<\/a> nen\u00e1padn\u00fd, zato d\u016fle\u017eit\u00fd strom \u2013 <strong>korkov\u00fd dub (Quercus suber)<\/strong>.<\/p>\n<div class=\"vino-box\"><strong>Kde roste korkov\u00fd dub?<\/strong><br \/>\nTento majest\u00e1tn\u00ed strom je doma ve <strong>St\u0159edomo\u0159\u00ed<\/strong>, kde se mu da\u0159\u00ed v tepl\u00e9m, such\u00e9m klimatu s chud\u0161\u00ed p\u016fdou&#8230;<\/div>\n<div style=\"float: right; width: 50%; max-width: 400px; margin: 0 0 15px 20px;\">\n<div style=\"position: relative; padding-bottom: 56.25%; height: 0; overflow: hidden; margin-right: 20px; margin-top: -10px;\"><iframe style=\"position: absolute; top: 0; left: 0; width: 100%; height: 100%; border: 0;\" title=\"Korkov\u00fd dub \u2013 video\" src=\"https:\/\/www.youtube.com\/embed\/kn3pv5IHTJQ\" allowfullscreen=\"allowfullscreen\"><\/iframe><\/div>\n<\/div>\n<div class=\"vino-box\"><strong>Jak se korek skl\u00edz\u00ed?<\/strong><br \/>\nNe\u017e se strom rozhodne darovat svou k\u016fru sv\u011btu, je pot\u0159eba trp\u011blivost \u2013 prvn\u00ed sklize\u0148 prob\u00edh\u00e1 a\u017e po <strong>25 letech<\/strong>&#8230;<\/div>\n<div class=\"vino-box\"><strong>Na co v\u0161echno se korek pou\u017e\u00edv\u00e1?<\/strong><br \/>\nKorek nen\u00ed jen o \u0161puntech&#8230;<\/p>\n<ul>\n<li>z\u00e1tky na v\u00edno,<\/li>\n<li>podlahy a obklady,<\/li>\n<li>izolace,<\/li>\n<li>kabelky, boty, m\u00f3da,<\/li>\n<li>sportovn\u00ed pom\u016fcky,<\/li>\n<li>sou\u010d\u00e1stky v letectv\u00ed,<\/li>\n<li>obaly pro luxusn\u00ed zbo\u017e\u00ed.<\/li>\n<\/ul>\n<\/div>\n<div class=\"vino-box\"><strong>Trocha historie:<\/strong><br \/>\nHistorie korku sah\u00e1 hluboko \u2013 a\u017e do <strong>starov\u011bk\u00e9ho Egypta<\/strong> a \u0158ecka&#8230;<\/div>\n<p>Dnes je korek symbolem <strong>udr\u017eitelnosti, elegance a p\u0159\u00edrody<\/strong>. A\u017e si p\u0159\u00ed\u0161t\u011b otev\u0159ete lahev dobr\u00e9ho v\u00edna, zamyslete se&#8230;<\/p>\n<div class=\"vino-zaver\">\n<h3>Zaj\u00edmavosti o korku<\/h3>\n<ul>\n<li>Jeden strom d\u00e1 a\u017e <strong>200 kg korku<\/strong> za \u017eivot.<\/li>\n<li>K\u016fra se skl\u00edz\u00ed <strong>ru\u010dn\u011b<\/strong> bez po\u0161kozen\u00ed stromu.<\/li>\n<li>Korek je <strong>p\u0159irozen\u011b ohnivzdorn\u00fd<\/strong>.<\/li>\n<li>Nejstar\u0161\u00ed zn\u00e1m\u00e1 z\u00e1tka m\u00e1 p\u0159es <strong>3000 let<\/strong>.<\/li>\n<li>Korkov\u00fd dub v\u00e1\u017ee <strong>CO\u2082<\/strong> i bez list\u016f.<\/li>\n<\/ul>\n<\/div>\n<blockquote><p>\u201eKdy\u017e se nad t\u00edm zamysl\u00edme \u2013 je fascinuj\u00edc\u00ed, \u017ee n\u011bco tak oby\u010dejn\u00e9ho jako korek vznik\u00e1 des\u00edtky let v k\u016f\u0159e stromu. A p\u0159itom slou\u017e\u00ed jako z\u00e1tka, podlo\u017eka, izolace nebo i design. P\u0159\u00edroda je ten nejlep\u0161\u00ed design\u00e9r.\u201c<\/p><\/blockquote>\n<\/div>\n","protected":false},"excerpt":{"rendered":"<p>&nbsp; Korkov\u00fd dub a korek \u2013 p\u0159\u00edrodn\u00ed z\u00e1zrak s otv\u00edr\u00e1kem v pat\u00e1ch Kdy\u017e se \u0159ekne korek, v\u011bt\u0161ina lid\u00ed si vybav\u00ed l\u00e1hev v\u00edna a \u0161punt, kter\u00fd vzdoruje otv\u00edr\u00e1ku s hrdost\u00ed gener\u00e1la. Ale za t\u00edm mal\u00fdm z\u00e1tkov\u00fdm hrdinou se skr\u00fdv\u00e1 dlouh\u00e1 historie, d\u016fmysln\u00fd p\u0159\u00edrodn\u00ed materi\u00e1l a nen\u00e1padn\u00fd, zato d\u016fle\u017eit\u00fd strom \u2013 korkov\u00fd<span class=\"more-link\"><a href=\"https:\/\/www.spuntologie.cz\/index.php\/o-korku\/\">Continue Reading<\/a><\/span><\/p>\n","protected":false},"author":1,"featured_media":0,"parent":0,"menu_order":0,"comment_status":"closed","ping_status":"closed","template":"","meta":{"footnotes":""},"class_list":["entry","author-nehasil","post-10887","page","type-page","status-publish"],"_links":{"self":[{"href":"https:\/\/www.spuntologie.cz\/index.php\/wp-json\/wp\/v2\/pages\/10887","targetHints":{"allow":["GET"]}}],"collection":[{"href":"https:\/\/www.spuntologie.cz\/index.php\/wp-json\/wp\/v2\/pages"}],"about":[{"href":"https:\/\/www.spuntologie.cz\/index.php\/wp-json\/wp\/v2\/types\/page"}],"author":[{"embeddable":true,"href":"https:\/\/www.spuntologie.cz\/index.php\/wp-json\/wp\/v2\/users\/1"}],"replies":[{"embeddable":true,"href":"https:\/\/www.spuntologie.cz\/index.php\/wp-json\/wp\/v2\/comments?post=10887"}],"version-history":[{"count":3,"href":"https:\/\/www.spuntologie.cz\/index.php\/wp-json\/wp\/v2\/pages\/10887\/revisions"}],"predecessor-version":[{"id":11023,"href":"https:\/\/www.spuntologie.cz\/index.php\/wp-json\/wp\/v2\/pages\/10887\/revisions\/11023"}],"wp:attachment":[{"href":"https:\/\/www.spuntologie.cz\/index.php\/wp-json\/wp\/v2\/media?parent=10887"}],"curies":[{"name":"wp","href":"https:\/\/api.w.org\/{rel}","templated":true}]}}